{"id":482,"date":"2023-02-01T09:56:20","date_gmt":"2023-02-01T14:56:20","guid":{"rendered":"https:\/\/repertoire.crewm.com\/mon-compte\/"},"modified":"2023-02-01T10:33:04","modified_gmt":"2023-02-01T15:33:04","slug":"my-account","status":"publish","type":"page","link":"https:\/\/repertoire.crewm.com\/en\/my-account\/","title":{"rendered":"My account"},"content":{"rendered":"<h4>Bienvenu sur votre compte<\/h4>\n<p>Vous trouverez ici les acc\u00e8s \u00e0 votre profil visible dans le r\u00e9pertoire de ce site. Vous pouvez modifier vos informations en tout temps. Notez que si votre adresse courriel change, vous devez communiquer avec nous pour nous informer et proc\u00e9der au changement de votre courriel.<\/p>\n<p>Pour toutes questions, \u00e9crivez \u00e0 <a href=\"mailto:info@crewm.com\">info@crewm.com<\/a>.<\/p>\n","protected":false},"excerpt":{"rendered":"<p>Bienvenu sur votre compte Vous trouverez ici les acc\u00e8s \u00e0 votre profil visible dans le r\u00e9pertoire de ce site. Vous pouvez modifier vos informations en tout temps. Notez que si votre adresse courriel change, vous devez communiquer avec nous pour nous informer et proc\u00e9der au changement de votre courriel. Pour toutes questions, \u00e9crivez \u00e0 info@crewm.com.<\/p>\n","protected":false},"author":229,"featured_media":0,"parent":0,"menu_order":0,"comment_status":"closed","ping_status":"closed","template":"template\/mon-compte.php","meta":{"_acf_changed":false,"_et_pb_use_builder":"","_et_pb_old_content":"","_et_gb_content_width":"","inline_featured_image":false,"footnotes":""},"class_list":["post-482","page","type-page","status-publish","hentry"],"acf":[],"_links":{"self":[{"href":"https:\/\/repertoire.crewm.com\/en\/wp-json\/wp\/v2\/pages\/482","targetHints":{"allow":["GET"]}}],"collection":[{"href":"https:\/\/repertoire.crewm.com\/en\/wp-json\/wp\/v2\/pages"}],"about":[{"href":"https:\/\/repertoire.crewm.com\/en\/wp-json\/wp\/v2\/types\/page"}],"author":[{"embeddable":true,"href":"https:\/\/repertoire.crewm.com\/en\/wp-json\/wp\/v2\/users\/229"}],"replies":[{"embeddable":true,"href":"https:\/\/repertoire.crewm.com\/en\/wp-json\/wp\/v2\/comments?post=482"}],"version-history":[{"count":2,"href":"https:\/\/repertoire.crewm.com\/en\/wp-json\/wp\/v2\/pages\/482\/revisions"}],"predecessor-version":[{"id":488,"href":"https:\/\/repertoire.crewm.com\/en\/wp-json\/wp\/v2\/pages\/482\/revisions\/488"}],"wp:attachment":[{"href":"https:\/\/repertoire.crewm.com\/en\/wp-json\/wp\/v2\/media?parent=482"}],"curies":[{"name":"wp","href":"https:\/\/api.w.org\/{rel}","templated":true}]}}