{"id":445,"date":"2023-01-16T09:26:12","date_gmt":"2023-01-16T14:26:12","guid":{"rendered":"https:\/\/repertoire.crewm.com\/nos-partenaires\/"},"modified":"2025-03-26T15:04:43","modified_gmt":"2025-03-26T19:04:43","slug":"nos-partenaires","status":"publish","type":"page","link":"https:\/\/repertoire.crewm.com\/en\/nos-partenaires\/","title":{"rendered":"Our partners"},"content":{"rendered":"<p>[et_pb_section fb_built=&#8221;1&#8243; _builder_version=&#8221;4.19.5&#8243; _module_preset=&#8221;default&#8221; background_color=&#8221;RGBA(255,255,255,0)&#8221; custom_padding=&#8221;||14px|||&#8221; global_colors_info=&#8221;{}&#8221;][et_pb_row column_structure=&#8221;1_3,2_3&#8243; _builder_version=&#8221;4.19.5&#8243; _module_preset=&#8221;default&#8221; global_colors_info=&#8221;{}&#8221;][et_pb_column type=&#8221;1_3&#8243; _builder_version=&#8221;4.19.5&#8243; _module_preset=&#8221;default&#8221; global_colors_info=&#8221;{}&#8221;][et_pb_image src=&#8221;https:\/\/repertoire.crewm.com\/wp-content\/uploads\/2023\/02\/SCF_couleur.svg&#8221; title_text=&#8221;SCF_couleur&#8221; _builder_version=&#8221;4.19.5&#8243; _module_preset=&#8221;default&#8221; global_colors_info=&#8221;{}&#8221;][\/et_pb_image][\/et_pb_column][et_pb_column type=&#8221;2_3&#8243; _builder_version=&#8221;4.19.5&#8243; _module_preset=&#8221;default&#8221; global_colors_info=&#8221;{}&#8221;][\/et_pb_column][\/et_pb_row][et_pb_row column_structure=&#8221;1_3,2_3&#8243; _builder_version=&#8221;4.19.5&#8243; _module_preset=&#8221;default&#8221; custom_padding=&#8221;52px||52px||true|&#8221; border_width_top=&#8221;2px&#8221; border_color_top=&#8221;gcid-62718551-783b-4cff-bc68-93ccc9820e22&#8243; border_color_bottom=&#8221;gcid-62718551-783b-4cff-bc68-93ccc9820e22&#8243; global_colors_info=&#8221;{%22gcid-62718551-783b-4cff-bc68-93ccc9820e22%22:%91%22border_color_top%22,%22border_color_bottom%22%93}&#8221;][et_pb_column type=&#8221;1_3&#8243; _builder_version=&#8221;4.19.5&#8243; _module_preset=&#8221;default&#8221; global_colors_info=&#8221;{}&#8221;][et_pb_image src=&#8221;https:\/\/repertoire.crewm.com\/wp-content\/uploads\/2023\/03\/media-logo-cominar_0-e1679340485360.jpg&#8221; title_text=&#8221;media-logo-cominar_0&#8243; _builder_version=&#8221;4.19.5&#8243; _module_preset=&#8221;default&#8221; width=&#8221;61%&#8221; module_alignment=&#8221;center&#8221; global_colors_info=&#8221;{}&#8221;][\/et_pb_image][\/et_pb_column][et_pb_column type=&#8221;2_3&#8243; _builder_version=&#8221;4.19.5&#8243; _module_preset=&#8221;default&#8221; global_colors_info=&#8221;{}&#8221;][et_pb_text _builder_version=&#8221;4.19.5&#8243; _module_preset=&#8221;default&#8221; global_colors_info=&#8221;{}&#8221;]<\/p>\n<p>Since its founding, Cominar has placed peoples&#8217; interests and concerns at the heart of all decision making. By staying closely connected to those who frequent its buildings daily, the organization furthers the collective success of its clients, partners, and investors.<\/p>\n<p>This approach, combined with a commitment to excellence, recognized real estate expertise, and flexible management style, will ensure Cominar&#8217;s outstanding presence on Quebec&#8217;s real estate landscape well into the future.<\/p>\n<p>[\/et_pb_text][\/et_pb_column][\/et_pb_row][et_pb_row column_structure=&#8221;1_3,2_3&#8243; _builder_version=&#8221;4.19.5&#8243; _module_preset=&#8221;default&#8221; custom_margin=&#8221;|auto|29px|auto||&#8221; border_width_top=&#8221;2px&#8221; border_color_top=&#8221;gcid-62718551-783b-4cff-bc68-93ccc9820e22&#8243; global_colors_info=&#8221;{%22gcid-62718551-783b-4cff-bc68-93ccc9820e22%22:%91%22border_color_top%22%93}&#8221;][et_pb_column type=&#8221;1_3&#8243; _builder_version=&#8221;4.19.5&#8243; _module_preset=&#8221;default&#8221; global_colors_info=&#8221;{}&#8221;][et_pb_image src=&#8221;https:\/\/repertoire.crewm.com\/wp-content\/uploads\/2025\/03\/DIAMANT_CDPQ.png&#8221; title_text=&#8221;DIAMANT_CDPQ&#8221; _builder_version=&#8221;4.27.4&#8243; _module_preset=&#8221;default&#8221; hover_enabled=&#8221;0&#8243; global_colors_info=&#8221;{}&#8221; sticky_enabled=&#8221;0&#8243;][\/et_pb_image][\/et_pb_column][et_pb_column type=&#8221;2_3&#8243; _builder_version=&#8221;4.19.5&#8243; _module_preset=&#8221;default&#8221; global_colors_info=&#8221;{}&#8221;][et_pb_text _builder_version=&#8221;4.27.4&#8243; _module_preset=&#8221;default&#8221; hover_enabled=&#8221;0&#8243; global_colors_info=&#8221;{}&#8221; sticky_enabled=&#8221;0&#8243;]<\/p>\n<p><span>The Caisse de d\u00e9p\u00f4t et placement du Qu\u00e9bec (CDPQ) is an institutional investor managing funds for public pension and insurance plans in Quebec. With a diversified portfolio of global assets, it invests in various sectors, including infrastructure, real estate, and financial markets. Its goal is to generate sustainable returns for its depositors while contributing to Quebec\u2019s economic development.<\/span><\/p>\n<p>[\/et_pb_text][\/et_pb_column][\/et_pb_row][\/et_pb_section][et_pb_section fb_built=&#8221;1&#8243; _builder_version=&#8221;4.19.5&#8243; _module_preset=&#8221;default&#8221; background_color=&#8221;gcid-845d1ac2-7d81-4139-98cd-32cf697816b9&#8243; global_colors_info=&#8221;{%22gcid-845d1ac2-7d81-4139-98cd-32cf697816b9%22:%91%22background_color%22%93}&#8221;][et_pb_row _builder_version=&#8221;4.19.5&#8243; _module_preset=&#8221;default&#8221; global_colors_info=&#8221;{}&#8221;][et_pb_column type=&#8221;4_4&#8243; _builder_version=&#8221;4.19.5&#8243; _module_preset=&#8221;default&#8221; global_colors_info=&#8221;{}&#8221;][et_pb_text _builder_version=&#8221;4.19.5&#8243; _module_preset=&#8221;default&#8221; global_colors_info=&#8221;{}&#8221;]<\/p>\n<h3>Become our partner<\/h3>\n<p>To become one of our partner, please contact us directly by email.<\/p>\n<p>[\/et_pb_text][et_pb_button button_url=&#8221;mailto:info@crewm.com&#8221; button_text=&#8221;Contact us!&#8221; _builder_version=&#8221;4.19.5&#8243; _module_preset=&#8221;default&#8221; global_colors_info=&#8221;{}&#8221;][\/et_pb_button][\/et_pb_column][\/et_pb_row][\/et_pb_section]<\/p>\n","protected":false},"excerpt":{"rendered":"<p>Since its founding, Cominar has placed peoples&#8217;&#8230;<\/p>\n","protected":false},"author":229,"featured_media":0,"parent":0,"menu_order":0,"comment_status":"closed","ping_status":"closed","template":"","meta":{"_acf_changed":false,"_et_pb_use_builder":"on","_et_pb_old_content":"","_et_gb_content_width":"","inline_featured_image":false,"footnotes":""},"class_list":["post-445","page","type-page","status-publish","hentry"],"acf":[],"_links":{"self":[{"href":"https:\/\/repertoire.crewm.com\/en\/wp-json\/wp\/v2\/pages\/445","targetHints":{"allow":["GET"]}}],"collection":[{"href":"https:\/\/repertoire.crewm.com\/en\/wp-json\/wp\/v2\/pages"}],"about":[{"href":"https:\/\/repertoire.crewm.com\/en\/wp-json\/wp\/v2\/types\/page"}],"author":[{"embeddable":true,"href":"https:\/\/repertoire.crewm.com\/en\/wp-json\/wp\/v2\/users\/229"}],"replies":[{"embeddable":true,"href":"https:\/\/repertoire.crewm.com\/en\/wp-json\/wp\/v2\/comments?post=445"}],"version-history":[{"count":16,"href":"https:\/\/repertoire.crewm.com\/en\/wp-json\/wp\/v2\/pages\/445\/revisions"}],"predecessor-version":[{"id":1162,"href":"https:\/\/repertoire.crewm.com\/en\/wp-json\/wp\/v2\/pages\/445\/revisions\/1162"}],"wp:attachment":[{"href":"https:\/\/repertoire.crewm.com\/en\/wp-json\/wp\/v2\/media?parent=445"}],"curies":[{"name":"wp","href":"https:\/\/api.w.org\/{rel}","templated":true}]}}